{"id":118,"date":"2023-02-13T14:19:47","date_gmt":"2023-02-13T13:19:47","guid":{"rendered":"http:\/\/crm.czest.pl\/?page_id=118"},"modified":"2023-02-13T14:21:21","modified_gmt":"2023-02-13T13:21:21","slug":"wladze-statutowe","status":"publish","type":"page","link":"https:\/\/crm.czest.pl\/index.php\/wladze-statutowe\/","title":{"rendered":"W\u0142adze statutowe"},"content":{"rendered":"\n<div class=\"wp-block-columns is-layout-flex wp-container-core-columns-is-layout-9d6595d7 wp-block-columns-is-layout-flex\">\n<div class=\"wp-block-column is-layout-flow wp-block-column-is-layout-flow\">\n<p><strong>Zarz\u0105d Cechu<\/strong><\/p>\n\n\n\n<p>Starszy Cechu &#8211;&nbsp;Stefan Rybicki<\/p>\n\n\n\n<p>I Podstarszy Cechu &#8211;&nbsp;Marian Golis<\/p>\n\n\n\n<p>II Podstarszy Cechu &#8211;&nbsp;S\u0142awomir Puka<\/p>\n\n\n\n<p>Sekretarz &#8211;&nbsp;Roman Podlejski<\/p>\n\n\n\n<p>Skarbnik &#8211;&nbsp;Waldemar J\u0119drusik<\/p>\n\n\n\n<p>Cz\u0142onek Zarz\u0105du &#8211;&nbsp;Krzysztof Tomza<\/p>\n\n\n\n<p>Cz\u0142onek Zarz\u0105du &#8211;&nbsp;Daniel Mlek<\/p>\n\n\n\n<p>Z-ca Cz\u0142onka&nbsp;Zarz\u0105du &#8211;&nbsp;Franciszek Pietraszko<\/p>\n<\/div>\n\n\n\n<div class=\"wp-block-column is-layout-flow wp-block-column-is-layout-flow\"><\/div>\n<\/div>\n\n\n\n<div class=\"wp-block-columns is-layout-flex wp-container-core-columns-is-layout-9d6595d7 wp-block-columns-is-layout-flex\">\n<div class=\"wp-block-column is-layout-flow wp-block-column-is-layout-flow\">\n<p><strong>Komisja rewizyjna<\/strong><\/p>\n\n\n\n<p>Przewodnicz\u0105cy Komisji Rewizyjnej &#8211;&nbsp;Jerzy Kowalik<\/p>\n\n\n\n<p>Z-ca Przewodnicz\u0105cego Kom. Rew.&nbsp;&#8211;&nbsp;Marek Siemi\u0144ski<\/p>\n\n\n\n<p>Cz\u0142onek Komisji Rewizyjnej\u00a0&#8211;\u00a0Janusz Zieli\u0144ski<\/p>\n\n\n\n<figure class=\"wp-block-table\"><table><tbody><tr><td><strong>S\u0105d Cechowy<\/strong>Przewodnicz\u0105cy S\u0105du Cechowego &#8211;&nbsp;Waldemar Klimasi\u0144skiZ-ca Przewodnicz\u0105cego S\u0105du Cechowego&nbsp;&#8211;&nbsp;Jerzy KowalikSekretarz&nbsp;S\u0105du Cechowego&nbsp;&#8211;&nbsp;Miros\u0142aw Zi\u0119baczewskiCz\u0142onkowie:El\u017cbieta Sprawka, Andrzej G\u00f3ra, Marek Siemi\u0144ski, Janusz Zieli\u0144ski<\/td><td>&nbsp;<\/td><\/tr><\/tbody><\/table><\/figure>\n<\/div>\n\n\n\n<div class=\"wp-block-column is-layout-flow wp-block-column-is-layout-flow\"><\/div>\n<\/div>\n\n\n\n<p><strong>Kierownik Biura Cechu: Aneta Kupczyk<\/strong><\/p>\n\n\n\n<p><strong>Biuro Cechu Rzemios\u0142 Metalowych czynne: pn. \u2013 pt. 8.00 \u2013 14.00<\/strong><\/p>\n","protected":false},"excerpt":{"rendered":"<p>Zarz\u0105d Cechu Starszy Cechu &#8211;&nbsp;Stefan Rybicki I Podstarszy Cechu &#8211;&nbsp;Marian Golis II Podstarszy Cechu &#8211;&nbsp;S\u0142awomir Puka Sekretarz &#8211;&nbsp;Roman Podlejski Skarbnik &#8211;&nbsp;Waldemar J\u0119drusik Cz\u0142onek Zarz\u0105du &#8211;&nbsp;Krzysztof Tomza Cz\u0142onek Zarz\u0105du &#8211;&nbsp;Daniel Mlek Z-ca Cz\u0142onka&nbsp;Zarz\u0105du &#8211;&nbsp;Franciszek Pietraszko Komisja rewizyjna Przewodnicz\u0105cy Komisji Rewizyjnej &#8211;&nbsp;Jerzy &hellip; <a href=\"https:\/\/crm.czest.pl\/index.php\/wladze-statutowe\/\">Czytaj dalej <span class=\"meta-nav\">&rarr;<\/span><\/a><\/p>\n","protected":false},"author":1,"featured_media":0,"parent":0,"menu_order":0,"comment_status":"closed","ping_status":"closed","template":"","meta":{"footnotes":""},"class_list":["post-118","page","type-page","status-publish","hentry"],"_links":{"self":[{"href":"https:\/\/crm.czest.pl\/index.php\/wp-json\/wp\/v2\/pages\/118","targetHints":{"allow":["GET"]}}],"collection":[{"href":"https:\/\/crm.czest.pl\/index.php\/wp-json\/wp\/v2\/pages"}],"about":[{"href":"https:\/\/crm.czest.pl\/index.php\/wp-json\/wp\/v2\/types\/page"}],"author":[{"embeddable":true,"href":"https:\/\/crm.czest.pl\/index.php\/wp-json\/wp\/v2\/users\/1"}],"replies":[{"embeddable":true,"href":"https:\/\/crm.czest.pl\/index.php\/wp-json\/wp\/v2\/comments?post=118"}],"version-history":[{"count":3,"href":"https:\/\/crm.czest.pl\/index.php\/wp-json\/wp\/v2\/pages\/118\/revisions"}],"predecessor-version":[{"id":121,"href":"https:\/\/crm.czest.pl\/index.php\/wp-json\/wp\/v2\/pages\/118\/revisions\/121"}],"wp:attachment":[{"href":"https:\/\/crm.czest.pl\/index.php\/wp-json\/wp\/v2\/media?parent=118"}],"curies":[{"name":"wp","href":"https:\/\/api.w.org\/{rel}","templated":true}]}}