{"id":106,"date":"2023-02-13T13:44:04","date_gmt":"2023-02-13T12:44:04","guid":{"rendered":"http:\/\/crm.czest.pl\/?page_id=106"},"modified":"2023-02-13T13:44:04","modified_gmt":"2023-02-13T12:44:04","slug":"nauka-zawodu","status":"publish","type":"page","link":"https:\/\/crm.czest.pl\/index.php\/nauka-zawodu\/","title":{"rendered":"Nauka zawodu"},"content":{"rendered":"\n<p><strong>DO SPISYWANIA UMOWY<\/strong><br>Ucze\u0144 zg\u0142asza si\u0119 z jednym z rodzic\u00f3w i mistrzem \/w\u0142a\u015bcicielem zak\u0142adu, u kt\u00f3rego ucze\u0144 b\u0119dzie odbywa\u0142 praktyk\u0119.<\/p>\n\n\n\n<p><strong>DOKUMENTY POTRZEBNE DO SPISANIA UMOWY<\/strong><br>1. Za\u015bwiadczenie lekarskie o przydatno\u015bci do zawodu<br>\u00a0\u00a0\u00a0\u00a0\u00a0\u00a0 \/lekarz uprawniony do bada\u0144 profilaktycznych\/<br>\u00a0\u00a0\u00a0\u00a0\u00a0\u00a0\u00a0\u00a0\u00a0 + kserokopii za\u015bwiadczenia lekarskiego<br>2. PESEL ucznia<br>3. Dwie kserokopie \u015bwiadectwa uko\u0144czenia gimnazjum lub szko\u0142y podstawowej<br>4. Op\u0142ata w wysoko\u015bci 50 z\u0142.<\/p>\n\n\n\n<p>UMOWY S\u0104 SPISYWANE W CECHU\u00a0<strong>OD 8.00 DO 13.30<\/strong><\/p>\n\n\n\n<hr class=\"wp-block-separator has-alpha-channel-opacity\"\/>\n\n\n\n<p>INFORMUJE o mo\u017cliwo\u015bci podj\u0119cia praktycznej nauki zawodu na rok szkolny&nbsp;<strong>2019\/2020<\/strong><\/p>\n\n\n\n<p>w kierunkach :<\/p>\n\n\n\n<p>&#8211; MECHANIK POJAZD\u00d3W SAMOCHODOWYCH<\/p>\n\n\n\n<p>&#8211; ELEKTROMECHANIK POJAZD\u00d3W SAMOCHODOWYCH<\/p>\n\n\n\n<p>&#8211; BLACHARZ SAMOCHODOWY<\/p>\n\n\n\n<p>&#8211; LAKIERNIK<\/p>\n\n\n\n<p>Praktyczna nauka zawodu odbywa si\u0119 w ZAK\u0141ADACH RZEMIE\u015aLNICZYCH.<\/p>\n\n\n\n<p>Mistrzowie szkol\u0105cy posiadaj\u0105 bardzo du\u017c\u0105 wiedz\u0119 fachow\u0105 teoretyczn\u0105 i praktyczn\u0105.<\/p>\n\n\n\n<p>Szkol\u0105 uczni\u00f3w od wielu lat.<\/p>\n\n\n\n<p>Zak\u0142ady pracy s\u0105 wyposa\u017cone w odpowiednie nowoczesne urz\u0105dzenia i maszyny.<\/p>\n\n\n\n<p>Uczniowie ucz\u0119szczaj\u0105cy na praktyczn\u0105 nauk\u0119 zawodu w rzemio\u015ble zdobywaj\u0105 pe\u0142ne umiej\u0119tno\u015bci praktyczne w danym zawodzie.<\/p>\n\n\n\n<p>Zawieraj\u0105c umow\u0119 w Zak\u0142adzie Rzemie\u015blniczym ucze\u0144 odbywa nauk\u0119 teoretyczn\u0105 w szko\u0142ach takich jak :<\/p>\n\n\n\n<p>ZESP\u00d3\u0141 SZK\u00d3\u0141 MECHANICZNO &#8211; ELEKTRYCZNYCH, Cz-wa ul. Targowa 29<\/p>\n\n\n\n<p>ZESP\u00d3\u0141 SZK\u00d3\u0141 SAMOCHODOWO &#8211; BUDOWLANYCH, Cz-wa ul. Augustyna 3\/7<\/p>\n\n\n\n<p>Po uko\u0144czeniu 3 letniej szko\u0142y i praktyki w zak\u0142adzie pracy ucze\u0144 ko\u0144czy nauk\u0119 egzaminem czeladniczym i uzyskuje tytu\u0142 czeladnika , a w przysz\u0142o\u015bci mo\u017cliwo\u015b\u0107 zdobycia tytu\u0142u mistrzowskiego po 6 latach pracy w danym zawodzie.<\/p>\n\n\n\n<p>Pracownicy maj\u0105cy tytu\u0142 czeladnika, czy te\u017c mistrza maj\u0105 wi\u0119ksze szanse w znalezieniu pracy.<\/p>\n\n\n\n<p>\u015awiadectwa czeladnicze i mistrzowskie s\u0105 uznawane w ca\u0142ej Europie, jest to bardzo wa\u017cne i korzystne dla ka\u017cdego poszukuj\u0105cego zatrudnienie.<\/p>\n\n\n\n<p>Informujemy , \u017ce nauka w zak\u0142adach rzemie\u015blniczych jest bezp\u0142atna, a zatrudniony ucze\u0144 co miesi\u0105c otrzymuje wynagrodzenie, kt\u00f3re jest ustalane wed\u0142ug przeci\u0119tnego wynagrodzenia w poprzednim kwartale i tak&nbsp; w okresie:<\/p>\n\n\n\n<p><strong>czerwiec &#8211; lipiec &#8211; sierpie\u0144 2019<\/strong><\/p>\n\n\n\n<p>wynagrodzenie brutto wynosi\u0142o :<\/p>\n\n\n\n<p>kl. I &#8211;&nbsp;<strong>198,04<\/strong>&nbsp;z\u0142<\/p>\n\n\n\n<p>kl. II &#8211;&nbsp;<strong>247,55<\/strong>&nbsp;z\u0142<\/p>\n\n\n\n<p>kl. III &#8211;&nbsp;<strong>297,06<\/strong>&nbsp;z\u0142<\/p>\n\n\n\n<p>W okresie wakacji ucze\u0144 korzysta z urlopu wypoczynkowego zgodnie z Kodeksem Pracy i otrzymuje za ten\u00a0okres wynagrodzenie.<\/p>\n\n\n\n<hr class=\"wp-block-separator has-alpha-channel-opacity\"\/>\n\n\n\n<p><strong><em>ZAK\u0141ADY&nbsp; SZKOL\u0104CE&nbsp; PRACOWNIK\u00d3W&nbsp; M\u0141ODOCIANYCH.<\/em><\/strong><\/p>\n\n\n\n<p>&nbsp;<strong>&nbsp;&nbsp;&nbsp;&nbsp;&nbsp;&nbsp;&nbsp;&nbsp;&nbsp;&nbsp;&nbsp;&nbsp;&nbsp;&nbsp;&nbsp;&nbsp;&nbsp;&nbsp;&nbsp;&nbsp;&nbsp;&nbsp;&nbsp;&nbsp;&nbsp;&nbsp;&nbsp;&nbsp;&nbsp;&nbsp;&nbsp;&nbsp;&nbsp;&nbsp;&nbsp;&nbsp;&nbsp;&nbsp;&nbsp;&nbsp;&nbsp;&nbsp;&nbsp;&nbsp;&nbsp;&nbsp;&nbsp;&nbsp;&nbsp;&nbsp;&nbsp;&nbsp;MECHANIK &nbsp;POJAZD\u00d3W&nbsp; SAMOCHODOWYCH<\/strong><\/p>\n\n\n\n<p><strong>Blacharstwo i Lakiernictwo Pojazdowe AUTO KOMPLEKS, in\u017c. S\u0142awomir Puka,&nbsp;<\/strong>ul. Sabinowska 153, 42-200 Cz\u0119stochowa<\/p>\n\n\n\n<p><strong>Autoryzowany Serwis BOSCH,&nbsp;<\/strong>ul. Lwowska 60, 42-200 Cz\u0119stochowa<\/p>\n\n\n\n<p><strong>Mechanika Pojazdowa<\/strong>, ul. Ciep\u0142a 9, 42-200 Cz\u0119stochowa,<\/p>\n\n\n\n<p><strong>\u201eALARM ELEKTRYK\u201d,<\/strong>&nbsp;ul. Warszawska 81\/83, 42-200 Cz\u0119stochowa,<br><br><strong>PHUS \u201eAUTOLAND \u2013 Color\u201d,<\/strong>&nbsp;ul. Perla 24, 42-200 Cz\u0119stochowa,&nbsp;<br><br><strong>Pojazdy Specjalne DUDEK<\/strong>&nbsp;, ul. D\u017abowska 56\/62, 42-200 Cz\u0119stochowa,&nbsp;&nbsp;<br><br><strong>\u201eMOTOKLINIKA\u201d Przedsi\u0119biorstwo Wielobran\u017cowe<\/strong>, ul. Narcyzowa 31, 42-200 Cz\u0119stochowa,<br><br><strong>PHU \u201eG\u00d3RA\u201d s. c.,<\/strong>&nbsp;ul. Bugajska 18, 42-200 Cz\u0119stochowa,<br><br><strong>POMOC DROGOWA PHU \u201eWAL-CAR\u201d,<\/strong>&nbsp;ul. Piastowska 150\/152, 42-200 Cz\u0119stochowa,&nbsp;<\/p>\n\n\n\n<p><strong>\u201ePHU GENERAL ADVICE<\/strong>, ul. Kr\u0119ta 48, 42-231 Stary Kocin,&nbsp;<br><br><strong>\u201eAUTO SERWIS\u201d,<\/strong>&nbsp;ul. \u015bw. Jana 24, 42-200 Cz\u0119stochowa,&nbsp;<br><br><strong>\u201ePOLCAR\u201d sp. z o. o.,<\/strong>&nbsp;Kolonia Poczesna, ul. Nadrzeczna 1, 42-262 Poczesna,&nbsp;<br><br><strong>ZPH \u201eKIMET\u201d,<\/strong>&nbsp;ul. Wr\u0119czycka 40\/42, 42-200 Cz\u0119stochowa,&nbsp;&nbsp;<br><br><strong>PPHU \u201eGLOBAL\u201d<\/strong>, Wygoda 42, 42-274 Konopiska,&nbsp;<\/p>\n\n\n\n<p><strong>Merkury Cars sp. z o. o<\/strong>. ul. Makuszy\u0144skiego 66\/68, 42-200 Cz\u0119stochowa,<br><br><strong>FHU \u201eMATYJA AUTO SERVICE\u201d,<\/strong>&nbsp;ul. Bohater\u00f3w Katynia 4, 42-200 Cz\u0119stochowa,&nbsp;<br><br><strong>\u201eMOTO JOKER\u201d s. c<\/strong>., ul. Jadwigi 4, 42-200 Cz\u0119stochowa,&nbsp;<br><br><strong>PHU \u201eADRIAN\u201d,<\/strong>&nbsp;ul. \u0141ukasiewicza 29, 42-200 Cz\u0119stochowa,<br><br><strong>ZMP \u201eAUTO SZLIF\u201d,<\/strong>&nbsp;ul. Ciasna 3\/5, 42-200 Cz\u0119stochowa,&nbsp;<br><br><strong>PHU &#8222;ZBIG &#8211; MAR&#8221;,&nbsp;<\/strong>&nbsp;Chorzenice, ul. Cz\u0119stochowska 17 A, 42-270 K\u0142omnice<br><br><strong>ZMP \u201eAUTO SZLIF-SPRAWKA<\/strong>\u201d, ul. Konarskiego 34, 42-200 Cz\u0119stochowa,&nbsp;<br><br><strong>FU \u201eROB-MECH\u201d,<\/strong>&nbsp;ul. Huculska 93, 42-200 Cz\u0119stochowa,&nbsp;<br><br><strong>Mechanika Pojazdowa<\/strong>, ul. Jolanty 19, 42-200 Cz\u0119stochowa,&nbsp;<br><br><strong>PPHU \u201eJACEK<\/strong>\u201d, ul. Hutnik\u00f3w 84, 42-200 Cz\u0119stochowa,&nbsp;&nbsp;<\/p>\n\n\n\n<p><strong>Mechanika Pojazdowa<\/strong>, ul. Sportowa 94, 42-200 Cz\u0119stochowa,&nbsp;<br><br><strong>Mechanika Pojazdowa<\/strong>, ul. Krakowska 66, 42-200 Cz\u0119stochowa,&nbsp;<br><br><strong>Zak\u0142ad Motoryzacyjny<\/strong>, ul. Wyspia\u0144skiego 51, 42-200 Cz\u0119stochowa,&nbsp;<\/p>\n\n\n\n<p><strong>&#8222;EL &#8211; AUTO&#8221;,&nbsp;<\/strong>ul. Wrzosowa 6, 42-256 Olsztyn<\/p>\n\n\n\n<p><strong>&#8222;INTER-TRANS I&#8221; Transport Drogowy s c,&nbsp;<\/strong>Aleksandria Pierwsza, ul. Rolnicza 31, 42-274 Konopiska<\/p>\n\n\n\n<p><strong>ARKO Arkadiusz i Tomasz Mrozi\u0144scy S.J.,<\/strong>&nbsp;ul. Bardowskiego 46\/56, 42-216 Cz\u0119stochowa<\/p>\n\n\n\n<p><strong>PPUH &#8222;POMAX&#8221;,<\/strong>&nbsp;ul. Jana 31, 42-200 Cz\u0119stochowa<\/p>\n\n\n\n<p><strong>PHU &#8222;AUTO &#8211; KULA&#8221;,&nbsp;<\/strong>ul. Wolno\u015bci 122, 42-242 R\u0119dziny<\/p>\n\n\n\n<p><strong>ITL Marek Kici\u0144ski, Marcin Ch\u0119\u0107 SPJ,&nbsp;<\/strong>ul. Rocha 240, 42-200 Cz\u0119stochowa<\/p>\n\n\n\n<p>&nbsp;<strong>&nbsp; &nbsp; &nbsp; &nbsp; &nbsp; &nbsp; &nbsp; &nbsp; &nbsp; &nbsp; &nbsp; &nbsp; &nbsp;&nbsp;&nbsp; ELEKTRTOMECHANIK&nbsp; POJAZD\u00d3W&nbsp; SAMOCHODOWYCH<\/strong><\/p>\n\n\n\n<p><strong>FRANK CARS sp. z o. o.,&nbsp;<\/strong>ul. Jagielo\u0144ska 147\/151,42-200 Cz\u0119stochowa<\/p>\n\n\n\n<p><strong>AutoryzowaNy Serwis BOSCH,<\/strong>&nbsp;ul. Lwowska 60, 42-200 Cz\u0119stochowa<\/p>\n\n\n\n<p><strong>ASO Klimasi\u0144ski<\/strong>, ul. G\u0142\u00f3wna 66, 42-200 Cz\u0119stochowa,&nbsp;&nbsp;<br><br><strong>\u201ePOLCAR\u201d sp. z o. o<\/strong>., Kolonia Poczesna, ul. Nadrzeczna 1, 42-262 Poczesna,&nbsp;<br><br><strong>Elektromechanika Pojazdowa<\/strong>, ul. Narcyzowa 22, 42-200 Cz\u0119stochowa,&nbsp;&nbsp;&nbsp;<br><br><strong>PHU \u201eMODU\u0141\u201d s. c.,<\/strong>&nbsp;ul. Weso\u0142a 8, 42-200 Cz\u0119stochowa,&nbsp;<br><br><strong>Elektromechanika Pojazdowa<\/strong>, ul. Matejki 25\/27, 42-200 Cz\u0119stochowa,&nbsp;<br><br><strong>Zak\u0142ad Motoryzacyjny<\/strong>, ul. Wyspia\u0144skiego 51, 42-200 Cz\u0119stochowa,&nbsp;<\/p>\n\n\n\n<p><strong>PHU &#8222;G\u00d3RA&#8221; s.c.&nbsp;<\/strong>ul. Bugajska 18, 42-200 Cz\u0119stochowa<\/p>\n\n\n\n<p><strong>&nbsp;&nbsp;&nbsp;&nbsp;&nbsp;&nbsp;&nbsp;&nbsp;&nbsp;&nbsp;&nbsp;&nbsp;&nbsp;&nbsp;&nbsp;&nbsp;&nbsp;&nbsp;&nbsp;&nbsp;&nbsp;&nbsp;&nbsp;&nbsp;&nbsp;&nbsp;&nbsp;&nbsp;&nbsp;&nbsp;&nbsp;&nbsp;&nbsp;&nbsp;&nbsp;BLACHARZ&nbsp; SAMOCHODOWY<\/strong><\/p>\n\n\n\n<p><strong>FRANK CARS<\/strong>&nbsp;ul. Bia\u0142ostocka 75, 42-200 Cz\u0119stochowa<\/p>\n\n\n\n<p><strong>Blacharstwo i Lakiernictwo Pojazdowe AUTO KOMPLEKS, in\u017c. S\u0142awomir Puka,&nbsp;<\/strong>ul. Sabinowska 153, 42-200 Cz\u0119stochowa<\/p>\n\n\n\n<p><strong>PHUS \u201eAUTOLAND \u2013 Color\u201d,<\/strong>&nbsp;ul. Perla 24, 42-200 Cz\u0119stochowa,<br><br><strong>ASO Klimasi\u0144ski<\/strong>, ul. G\u0142\u00f3wna 66, 42-200 Cz\u0119stochowa,<br><br><strong>KJK Warsztat Blacharsko \u2013 Lakierniczy,<\/strong>&nbsp;ul. Batalion\u00f3w Ch\u0142opskich 65, 42-200 Cz\u0119stochowa,&nbsp;<br><br><strong>FHU \u201eMLEK<\/strong>\u201d, ul. Wyszy\u0144skiego 145, 42-200 Cz\u0119stochowa,&nbsp;<br><br><strong>PHU \u201eADRIAN\u201d,<\/strong>&nbsp;ul. \u0141ukasi\u0144skiego 29, 42-200 Cz\u0119stochowa,&nbsp;<br><br><strong>PHU \u201eAUTO-DAR\u201d,<\/strong>&nbsp;ul. Konwaliowa 159, 42-200 Cz\u0119stochowa,<br><br><strong>Blacharstwo i Lakiernictwo Samochodowe<\/strong>, ul. Reymonta 9, 42-200 Cz\u0119stochowa,<\/p>\n\n\n\n<p><strong>FHU KASZ-CAR,&nbsp;<\/strong>ul. Rzeczna 47 A, 42-271 Cz\u0119stochowa<\/p>\n\n\n\n<p><strong>&nbsp;&nbsp;&nbsp;&nbsp;&nbsp;&nbsp;&nbsp;&nbsp;&nbsp;&nbsp;&nbsp;&nbsp;&nbsp;&nbsp;&nbsp;&nbsp;&nbsp;&nbsp;&nbsp;&nbsp;&nbsp;&nbsp;&nbsp;&nbsp;&nbsp;&nbsp;&nbsp;&nbsp;&nbsp;&nbsp;&nbsp;&nbsp;&nbsp;&nbsp;&nbsp;LAKIERNIK&nbsp;SAMOCHODOWY<\/strong>&nbsp;<\/p>\n\n\n\n<p><strong>Blacharstwo i Lakiernictwo Pojazdowe AUTO KOMPLEKS, in\u017c. S\u0142awomir Puka,&nbsp;<\/strong>ul. Sabinowska 153, 42-200 Cz\u0119stochowa<\/p>\n\n\n\n<p><strong>FRANK CARS<\/strong>&nbsp;ul. Bia\u0142ostocka 75,42-200 Cz\u0119stochowa<\/p>\n\n\n\n<p><strong>PHUS \u201eAUTOLAND \u2013 Color\u201d,<\/strong>&nbsp;ul. Perla 24, 42-200 Cz\u0119stochowa,<br><br><strong>ASO Klimasi\u0144ski<\/strong>, ul. G\u0142\u00f3wna 66, 42-200 Cz\u0119stochowa,&nbsp;<br><br><strong>PHU \u201eAUTO-DAR<\/strong>\u201d, ul. Konwaliowa 159, 42-200 Cz\u0119stochowa,<br><br><strong>Blacharstwo i Lakiernictwo Samochodowe<\/strong>, ul. Reymonta 9, 42-200 Cz\u0119stochowa,&nbsp;<\/p>\n\n\n\n<p><strong>FHU KASZ &#8211; CAR,&nbsp;<\/strong>ul. Rzeczna 47 A, 42-271 Cz\u0119stochowa<\/p>\n","protected":false},"excerpt":{"rendered":"<p>DO SPISYWANIA UMOWYUcze\u0144 zg\u0142asza si\u0119 z jednym z rodzic\u00f3w i mistrzem \/w\u0142a\u015bcicielem zak\u0142adu, u kt\u00f3rego ucze\u0144 b\u0119dzie odbywa\u0142 praktyk\u0119. DOKUMENTY POTRZEBNE DO SPISANIA UMOWY1. Za\u015bwiadczenie lekarskie o przydatno\u015bci do zawodu\u00a0\u00a0\u00a0\u00a0\u00a0\u00a0 \/lekarz uprawniony do bada\u0144 profilaktycznych\/\u00a0\u00a0\u00a0\u00a0\u00a0\u00a0\u00a0\u00a0\u00a0 + kserokopii za\u015bwiadczenia lekarskiego2. PESEL &hellip; <a href=\"https:\/\/crm.czest.pl\/index.php\/nauka-zawodu\/\">Czytaj dalej <span class=\"meta-nav\">&rarr;<\/span><\/a><\/p>\n","protected":false},"author":1,"featured_media":0,"parent":0,"menu_order":0,"comment_status":"closed","ping_status":"closed","template":"","meta":{"footnotes":""},"class_list":["post-106","page","type-page","status-publish","hentry"],"_links":{"self":[{"href":"https:\/\/crm.czest.pl\/index.php\/wp-json\/wp\/v2\/pages\/106","targetHints":{"allow":["GET"]}}],"collection":[{"href":"https:\/\/crm.czest.pl\/index.php\/wp-json\/wp\/v2\/pages"}],"about":[{"href":"https:\/\/crm.czest.pl\/index.php\/wp-json\/wp\/v2\/types\/page"}],"author":[{"embeddable":true,"href":"https:\/\/crm.czest.pl\/index.php\/wp-json\/wp\/v2\/users\/1"}],"replies":[{"embeddable":true,"href":"https:\/\/crm.czest.pl\/index.php\/wp-json\/wp\/v2\/comments?post=106"}],"version-history":[{"count":1,"href":"https:\/\/crm.czest.pl\/index.php\/wp-json\/wp\/v2\/pages\/106\/revisions"}],"predecessor-version":[{"id":107,"href":"https:\/\/crm.czest.pl\/index.php\/wp-json\/wp\/v2\/pages\/106\/revisions\/107"}],"wp:attachment":[{"href":"https:\/\/crm.czest.pl\/index.php\/wp-json\/wp\/v2\/media?parent=106"}],"curies":[{"name":"wp","href":"https:\/\/api.w.org\/{rel}","templated":true}]}}