{"id":116,"date":"2023-02-13T14:18:24","date_gmt":"2023-02-13T13:18:24","guid":{"rendered":"http:\/\/crm.czest.pl\/?page_id=116"},"modified":"2023-02-13T14:18:24","modified_gmt":"2023-02-13T13:18:24","slug":"inne-branze","status":"publish","type":"page","link":"http:\/\/crm.czest.pl\/index.php\/inne-branze\/","title":{"rendered":"Inne bran\u017ce"},"content":{"rendered":"\n<p>Bran\u017ce Cechu Rzemios\u0142 Metalowych<\/p>\n\n\n\n<p>\u015blusarstwo:<\/p>\n\n\n\n<ul class=\"wp-block-list\">\n<li>produkcja w\u00f3zk\u00f3w, stela\u017cy do parasoli, \u015blusarstwo<\/li>\n<\/ul>\n\n\n\n<p>og\u00f3lne:<\/p>\n\n\n\n<ul class=\"wp-block-list\">\n<li>zegarmistrz,<\/li>\n\n\n\n<li>jubiler,<\/li>\n\n\n\n<li>optyk,<\/li>\n\n\n\n<li>kowalstwo,<\/li>\n\n\n\n<li>teleradiomechanika &#8211; RTV,<\/li>\n\n\n\n<li>elektromechanika og\u00f3lna &#8211; AGD.<\/li>\n<\/ul>\n\n\n\n<p>Biuro Cechu Rzemios\u0142 Metalowych czynne pn &#8211; pt 8.00 &#8211; 14.00<\/p>\n","protected":false},"excerpt":{"rendered":"<p>Bran\u017ce Cechu Rzemios\u0142 Metalowych \u015blusarstwo: og\u00f3lne: Biuro Cechu Rzemios\u0142 Metalowych czynne pn &#8211; pt 8.00 &#8211; 14.00<\/p>\n","protected":false},"author":1,"featured_media":0,"parent":0,"menu_order":0,"comment_status":"closed","ping_status":"closed","template":"","meta":{"footnotes":""},"class_list":["post-116","page","type-page","status-publish","hentry"],"_links":{"self":[{"href":"http:\/\/crm.czest.pl\/index.php\/wp-json\/wp\/v2\/pages\/116","targetHints":{"allow":["GET"]}}],"collection":[{"href":"http:\/\/crm.czest.pl\/index.php\/wp-json\/wp\/v2\/pages"}],"about":[{"href":"http:\/\/crm.czest.pl\/index.php\/wp-json\/wp\/v2\/types\/page"}],"author":[{"embeddable":true,"href":"http:\/\/crm.czest.pl\/index.php\/wp-json\/wp\/v2\/users\/1"}],"replies":[{"embeddable":true,"href":"http:\/\/crm.czest.pl\/index.php\/wp-json\/wp\/v2\/comments?post=116"}],"version-history":[{"count":1,"href":"http:\/\/crm.czest.pl\/index.php\/wp-json\/wp\/v2\/pages\/116\/revisions"}],"predecessor-version":[{"id":117,"href":"http:\/\/crm.czest.pl\/index.php\/wp-json\/wp\/v2\/pages\/116\/revisions\/117"}],"wp:attachment":[{"href":"http:\/\/crm.czest.pl\/index.php\/wp-json\/wp\/v2\/media?parent=116"}],"curies":[{"name":"wp","href":"https:\/\/api.w.org\/{rel}","templated":true}]}}