{"id":114,"date":"2023-02-13T14:17:40","date_gmt":"2023-02-13T13:17:40","guid":{"rendered":"http:\/\/crm.czest.pl\/?page_id=114"},"modified":"2023-02-13T14:17:40","modified_gmt":"2023-02-13T13:17:40","slug":"sekcja-motoryzacyjna","status":"publish","type":"page","link":"http:\/\/crm.czest.pl\/index.php\/sekcja-motoryzacyjna\/","title":{"rendered":"Sekcja motoryzacyjna"},"content":{"rendered":"\n<p>Zarz\u0105d Sekcji Motoryzacyjnej<\/p>\n\n\n\n<p>Przewodnicz\u0105cy Zarz\u0105du Sekcji:<\/p>\n\n\n\n<ul class=\"wp-block-list\">\n<li>Jerzy Kowalik<\/li>\n<\/ul>\n\n\n\n<p>W-ce przewodnicz\u0105cy Zarz\u0105du Sekcji:<\/p>\n\n\n\n<ul class=\"wp-block-list\">\n<li>S\u0142awomir Puka<\/li>\n<\/ul>\n\n\n\n<p>Cz\u0142onkowie Zarz\u0105du Sekcji:<\/p>\n\n\n\n<ul class=\"wp-block-list\">\n<li>Andrzej G\u00f3ra<\/li>\n\n\n\n<li>Waldemar Klimasi\u0144ski<\/li>\n\n\n\n<li>Daniel Mlek<\/li>\n<\/ul>\n","protected":false},"excerpt":{"rendered":"<p>Zarz\u0105d Sekcji Motoryzacyjnej Przewodnicz\u0105cy Zarz\u0105du Sekcji: W-ce przewodnicz\u0105cy Zarz\u0105du Sekcji: Cz\u0142onkowie Zarz\u0105du Sekcji:<\/p>\n","protected":false},"author":1,"featured_media":0,"parent":0,"menu_order":0,"comment_status":"closed","ping_status":"closed","template":"","meta":{"footnotes":""},"class_list":["post-114","page","type-page","status-publish","hentry"],"_links":{"self":[{"href":"http:\/\/crm.czest.pl\/index.php\/wp-json\/wp\/v2\/pages\/114","targetHints":{"allow":["GET"]}}],"collection":[{"href":"http:\/\/crm.czest.pl\/index.php\/wp-json\/wp\/v2\/pages"}],"about":[{"href":"http:\/\/crm.czest.pl\/index.php\/wp-json\/wp\/v2\/types\/page"}],"author":[{"embeddable":true,"href":"http:\/\/crm.czest.pl\/index.php\/wp-json\/wp\/v2\/users\/1"}],"replies":[{"embeddable":true,"href":"http:\/\/crm.czest.pl\/index.php\/wp-json\/wp\/v2\/comments?post=114"}],"version-history":[{"count":1,"href":"http:\/\/crm.czest.pl\/index.php\/wp-json\/wp\/v2\/pages\/114\/revisions"}],"predecessor-version":[{"id":115,"href":"http:\/\/crm.czest.pl\/index.php\/wp-json\/wp\/v2\/pages\/114\/revisions\/115"}],"wp:attachment":[{"href":"http:\/\/crm.czest.pl\/index.php\/wp-json\/wp\/v2\/media?parent=114"}],"curies":[{"name":"wp","href":"https:\/\/api.w.org\/{rel}","templated":true}]}}